{"id":193,"date":"2019-11-05T07:30:39","date_gmt":"2019-11-05T07:30:39","guid":{"rendered":"http:\/\/www.manserso.org\/?page_id=193"},"modified":"2019-11-22T08:21:26","modified_gmt":"2019-11-22T08:21:26","slug":"politica-de-proteccion-de-datos","status":"publish","type":"page","link":"http:\/\/www.manserso.org\/eu\/politica-de-proteccion-de-datos\/","title":{"rendered":"Datuak babesteko politika"},"content":{"rendered":"<p>A continuaci\u00f3n, se desarrolla el deber de informaci\u00f3n establecido en el art\u00edculo 13 del Reglamento General de Protecci\u00f3n de Datos en relaci\u00f3n a los registros de tratamiento llevados a cabo en la Mancomunidad de Servicios Sociales de Base.<\/p>\n<p>A trav\u00e9s del aviso de Pol\u00edtica de protecci\u00f3n de datos informamos a la ciudadan\u00eda, titulares de los datos personales de los datos personales de los aspectos espec\u00edficos relativos al tratamiento sus datos; las finalidades de los tratamientos, los datos de contacto para ejercer los derechos que le asisten, los plazos de conservaci\u00f3n de la informaci\u00f3n la norma que nos legitima para el tratamiento de los datos y las comunicaciones de datos realizadas, entre otras cosas.<\/p>\n<p><strong><u>INFORMACI\u00d3N GENERAL<\/u><\/strong><\/p>\n<div class=\"bloque class-col-xs-12\"><a href=\"#lopdtab1\" class=\"bloque-tab\">RESPONSABLE DE TRATAMIENTO DE LOS DATOS <\/a><div class=\"contenido-bloque\" id=\"lopdtab1\" style=\"display: none;\"><\/p>\n<ul>\n<li>Identidad: Mancomunidad de Servicios Socialesde Ansoain, Berrioplano, Berriozar, Iza y Juslape\u00f1a<\/li>\n<li>Direcci\u00f3n Postal: C\/Kaleberri, 12 (Berriozar) y Plaza Consistorial s\/n (Anso\u00e1in)<\/li>\n<li>Tel\u00e9fono: 948 300 007<\/li>\n<li>Correo electr\u00f3nico: <a href=\"mailto:serviciosocial@manserso.org\">serviciosocial@manserso.org<\/a><\/li>\n<li>Delegado de Protecci\u00f3n de Datos: dpd@manserso.org<\/li>\n<\/ul>\n<p><\/div><\/div>\n<div class=\"bloque class-col-xs-12\"><a href=\"#lopdtab2\" class=\"bloque-tab\">MENORES DE EDAD<\/a><div class=\"contenido-bloque\" id=\"lopdtab2\" style=\"display: none;\"><\/p>\n<p>La Mancomunidad de Servicios Sociales no autoriza a menores de 14 a\u00f1os a facilitar sus datos personales, ya sea mediante la cumplimentaci\u00f3n de los formularios web habilitados para la solicitud de servicios, los formularios de contacto, o mediante el env\u00edo de correos electr\u00f3nicos.<\/p>\n<p>Por tanto, quienes faciliten datos personales utilizando dichos medios manifiestan formalmente ser mayores de 14 a\u00f1os o en su defecto que cuentes con la pertinente autorizaci\u00f3n de sus padre\/madre y\/o tutores legales.<\/p>\n<p><\/div><\/div>\n<div class=\"bloque class-col-xs-12\"><a href=\"#lopdtab3\" class=\"bloque-tab\">IM\u00c1GENES PRESENTES EN EL SITIO WEB<\/a><div class=\"contenido-bloque\" id=\"lopdtab3\" style=\"display: none;\"><\/p>\n<p>La Mancomunidad de Servicios Sociales, a trav\u00e9s del sitio web, ofrece informaci\u00f3n sobre numerosos eventos, actividades, etc. que suponen la participaci\u00f3n de la ciudadan\u00eda. En algunas ocasiones, la informaci\u00f3n facilitada se acompa\u00f1a de fotograf\u00edas o videos en los que aparecen personas identificadas o identificables.<\/p>\n<p>En caso de que el usuario\/a se reconozca en alguna de estas fotograf\u00edas y no desee aparecer en las mismas, rogamos nos lo comunique a trav\u00e9s de la direcci\u00f3n de correo, dpd@manserso.org adjuntando copia de documento acreditativo de su identidad, y referenciando el apartado del sitio web en el que se encuentra la imagen o video en el que aparece. En el caso de menores de 14 a\u00f1os, la solicitud debe realizarla padre, madre o tutor legal.<\/p>\n<p><\/div><\/div>\n<div class=\"bloque class-col-xs-12\"><a href=\"#lopdtab4\" class=\"bloque-tab\">DERECHOS <\/a><div class=\"contenido-bloque\" id=\"lopdtab4\" style=\"display: none;\"><\/p>\n<p>La normativa en materia de protecci\u00f3n de datos otorga una serie de derechos a los interesados o titulares de los datos, usuarios del sitio web o usuarios de los perfiles de las redes sociales de la. Mancomunidad de Servicios Sociales.<\/p>\n<p>Estos derechos que asisten a las personas interesadas son los siguientes:<\/p>\n<ul>\n<li>Derecho de acceso: derecho a obtener informaci\u00f3n sobre si sus propios datos est\u00e1n siendo objeto de tratamiento, la finalidad del tratamiento que se est\u00e9 realizando, las categor\u00edas de datos que se trate, los destinatarios o categor\u00edas de destinatarios, el plazo de conservaci\u00f3n y el origen de dichos datos.<\/li>\n<li>Derecho de rectificaci\u00f3n: derecho a obtener la rectificaci\u00f3n de los datos personales inexactos o incompletos.<\/li>\n<li>Derecho de supresi\u00f3n: derecho a obtener la supresi\u00f3n de los datos en los siguientes supuestos:\n<ul>\n<li>Cuando los datos ya no sean necesarios para la finalidad para la cual fueron recabados<\/li>\n<li>Cuando la persona titular de los mismos retire el consentimiento<\/li>\n<li>Cuando la persona interesada se oponga al tratamiento<\/li>\n<li>Cuando deban suprimirse en cumplimiento de una obligaci\u00f3n legal<\/li>\n<li>Cuando los datos se hayan obtenido en virtud de un servicio de sociedad de la informaci\u00f3n en base a lo dispuesto en el art. 8 apdo. 1 del Reglamento Europeo sobre Protecci\u00f3n de datos.<\/li>\n<\/ul>\n<\/li>\n<li>Derecho de oposici\u00f3n: derecho a oponerse al tratamiento de sus datos por parte del responsable. Este derecho no es absoluto, lo que implica que el responsable podr\u00e1 seguir tratando los datos siempre que pueda probar motivos leg\u00edtimos que prevalezcan sobre los intereses, derechos del interesado o para la formulaci\u00f3n, ejercicio y defensa de reclamaciones.<\/li>\n<li>Derecho de limitaci\u00f3n: derecho a obtener la limitaci\u00f3n del tratamiento de los datos cuando se de alguno de los siguientes supuestos:\n<ul>\n<li>Cuando la persona interesada impugne la exactitud de los datos personales, durante un plazo que permita a la empresa verificar la exactitud de los mismos.<\/li>\n<li>Cuando el tratamiento sea il\u00edcito y la persona interesada se oponga a la supresi\u00f3n de los datos.<\/li>\n<li>Cuando la empresa ya no necesite los datos para los fines para los que fueron recabados, pero la persona interesada los necesite para la formulaci\u00f3n, el ejercicio o la defensa de reclamaciones.<\/li>\n<li>Cuando la persona interesada se haya opuesto al tratamiento mientras se verifica si los motivos leg\u00edtimos de la empresa prevalecen sobre los del interesado.<\/li>\n<\/ul>\n<\/li>\n<li>Derecho a presentar una reclamaci\u00f3n ante la autoridad de control competente ante la Agencia Espa\u00f1ola de Protecci\u00f3n de Datos mediante escrito dirigi\u00e9ndose a C\/ Jorge Juan, 6, 28001 (Madrid) o a trav\u00e9s de su sede electr\u00f3nica en <a href=\"http:\/\/www.agpd.es\">agpd.es<\/a>.<\/li>\n<\/ul>\n<p>Las personas interesadas podr\u00e1n ejercitar los derechos indicados, dirigi\u00e9ndose a la Mancomunidad de Servicios Sociales, mediante escrito aportando documento que acredite su identidad.<\/p>\n<p><\/div><\/div>\n<div class=\"bloque class-col-xs-12\"><a href=\"#lopdtab5\" class=\"bloque-tab\">FINALIDAD, LEGITIMACI\u00d3N Y DESTINATARIOS<\/a><div class=\"contenido-bloque\" id=\"lopdtab5\" style=\"display: none;\"><\/p>\n<p>La Mancomunidad de Servicios Sociales quiere informar a la ciudadan\u00eda de la finalidad para la que va a usar los datos personales recogidos, en qu\u00e9 se basa para poder tratar los datos personales y si van a ser comunicados a terceras entidades y organizaciones. Por ello, publica a continuaci\u00f3n los Registros de Actividades de Tratamiento a fecha de noviembre de 2018.<\/p>\n<p>Las medidas t\u00e9cnicas y organizativas que la Mancomunidad de Servicios Sociales corresponden a las aplicadas de acuerdo al Anexo II (Medidas de seguridad) del Real Decreto 3\/2010, de 8 de enero, por el que se regula el Esquema Nacional de Seguridad en el \u00e1mbito de la Administraci\u00f3n Electr\u00f3nica y que se encuentran descritas en la Pol\u00edtica de Seguridad y sus procedimientos anexos.<\/p>\n<p><\/div><\/div>\n<div class=\"bloque class-col-xs-12\"><a href=\"#lopdtab6\" class=\"bloque-tab\">REGISTRO DE ACTIVIDADES DE TRATAMIENTO <\/a><div class=\"contenido-bloque\" id=\"lopdtab6\" style=\"display: none;\"><\/p>\n<table>\n<tbody>\n<tr>\n<td colspan=\"2\" width=\"565\"><strong>Registro de actividades<\/strong><\/td>\n<\/tr>\n<tr>\n<td width=\"282\"><a href=\"http:\/\/www.manserso.org\/wp-content\/uploads\/sites\/160\/2019\/11\/CITAS.pdf\" class=\"mtli_attachment mtli_pdf\">CITAS<\/a><\/td>\n<td width=\"282\"><a href=\"http:\/\/www.manserso.org\/wp-content\/uploads\/sites\/160\/2019\/11\/GESTION-DE-PERSONAS.pdf\" class=\"mtli_attachment mtli_pdf\">GESTI\u00d3N DE PERSONAL<\/a><\/td>\n<\/tr>\n<tr>\n<td width=\"282\"><a href=\"http:\/\/www.manserso.org\/wp-content\/uploads\/sites\/160\/2019\/11\/GESTION-ECONOMICA.pdf\" class=\"mtli_attachment mtli_pdf\">GESTI\u00d3N ECON\u00d3MICA<\/a><\/td>\n<td width=\"282\"><a href=\"http:\/\/www.manserso.org\/wp-content\/uploads\/sites\/160\/2019\/11\/PREVENCION-Y-ORDEN-LABORAL.pdf\" class=\"mtli_attachment mtli_pdf\">PREVENCI\u00d3N Y ORDEN LABORAL<\/a><\/td>\n<\/tr>\n<tr>\n<td width=\"282\"><a href=\"http:\/\/www.manserso.org\/wp-content\/uploads\/sites\/160\/2019\/11\/PROGRAMA-DE-ACOGIDA.pdf\" class=\"mtli_attachment mtli_pdf\">PROGRAMA DE ACOGIDA<\/a><\/td>\n<td width=\"282\"><a href=\"http:\/\/www.manserso.org\/wp-content\/uploads\/sites\/160\/2019\/11\/PROGRAMA-DE-ATENCION-INFANCIA-Y-FAMILIA.pdf\" class=\"mtli_attachment mtli_pdf\">PROGRAMA DE ATENCI\u00d3N INFANCIA Y FAMILIA<\/a><\/td>\n<\/tr>\n<tr>\n<td width=\"282\"><a href=\"http:\/\/www.manserso.org\/wp-content\/uploads\/sites\/160\/2019\/11\/PROGRAMA-DE-AUTOVALIMIENTO.pdf\" class=\"mtli_attachment mtli_pdf\">PROGRAMA DE AUTOVALIMIENTO<\/a><\/td>\n<td width=\"282\"><a href=\"http:\/\/www.manserso.org\/wp-content\/uploads\/sites\/160\/2019\/11\/PROGRAMA-DE-INCORPORACION-SOCIAL.pdf\" class=\"mtli_attachment mtli_pdf\">PROGRAMA DE INCORPORACI\u00d3N SOCIAL<\/a><\/td>\n<\/tr>\n<tr>\n<td width=\"282\"><a href=\"http:\/\/www.manserso.org\/wp-content\/uploads\/sites\/160\/2019\/11\/REGISTRO-DE-ENTRADA-Y-SALIDA.pdf\" class=\"mtli_attachment mtli_pdf\">REGISTRO DE ENTRADA Y SALIDA<\/a><\/td>\n<td width=\"282\"><a href=\"http:\/\/www.manserso.org\/wp-content\/uploads\/sites\/160\/2019\/11\/Videovigilancia.pdf\" class=\"mtli_attachment mtli_pdf\">VIDEOVIGILANCIA<\/a><\/td>\n<\/tr>\n<\/tbody>\n<\/table>\n<p><\/div><\/div>\n","protected":false},"excerpt":{"rendered":"<p>A continuaci\u00f3n, se desarrolla el deber de informaci\u00f3n establecido en el art\u00edculo 13 del Reglamento General de Protecci\u00f3n de Datos en relaci\u00f3n a los registros de tratamiento llevados a cabo en la Mancomunidad de Servicios Sociales de Base. A trav\u00e9s&hellip; <\/p>\n","protected":false},"author":2,"featured_media":0,"parent":0,"menu_order":0,"comment_status":"closed","ping_status":"closed","template":"","meta":{"_monsterinsights_skip_tracking":false,"_monsterinsights_sitenote_active":false,"_monsterinsights_sitenote_note":"","_monsterinsights_sitenote_category":0,"footnotes":""},"class_list":["post-193","page","type-page","status-publish","hentry"],"yoast_head":"<!-- This site is optimized with the Yoast SEO plugin v26.8 - https:\/\/yoast.com\/product\/yoast-seo-wordpress\/ -->\r\n<title>Datuak babesteko politika - Gizarte-Zerbitzuen Mankomunitatea Antsoain, Berriobeiti, Berriozar, Itza eta Txulapain<\/title>\r\n<meta name=\"robots\" content=\"index, follow, max-snippet:-1, max-image-preview:large, max-video-preview:-1\" \/>\r\n<link rel=\"canonical\" href=\"http:\/\/www.manserso.org\/politica-de-proteccion-de-datos\/\" \/>\r\n<meta property=\"og:locale\" content=\"en_US\" \/>\r\n<meta property=\"og:type\" content=\"article\" \/>\r\n<meta property=\"og:title\" content=\"[:es]Pol\u00edtica de protecci\u00f3n de datos[:eu]Datuak babesteko politika[:] - Gizarte-Zerbitzuen Mankomunitatea Antsoain, Berriobeiti, Berriozar, Itza eta Txulapain\" \/>\r\n<meta property=\"og:description\" content=\"A continuaci\u00f3n, se desarrolla el deber de informaci\u00f3n establecido en el art\u00edculo 13 del Reglamento General de Protecci\u00f3n de Datos en relaci\u00f3n a los registros de tratamiento llevados a cabo en la Mancomunidad de Servicios Sociales de Base. A trav\u00e9s&hellip;\" \/>\r\n<meta property=\"og:url\" content=\"http:\/\/www.manserso.org\/politica-de-proteccion-de-datos\/\" \/>\r\n<meta property=\"og:site_name\" content=\"Gizarte-Zerbitzuen Mankomunitatea Antsoain, Berriobeiti, Berriozar, Itza eta Txulapain\" \/>\r\n<meta property=\"article:modified_time\" content=\"2019-11-22T08:21:26+00:00\" \/>\r\n<meta name=\"twitter:card\" content=\"summary_large_image\" \/>\r\n<meta name=\"twitter:label1\" content=\"Est. reading time\" \/>\n\t<meta name=\"twitter:data1\" content=\"5 minutua\" \/>\r\n<script type=\"application\/ld+json\" class=\"yoast-schema-graph\">{\"@context\":\"https:\/\/schema.org\",\"@graph\":[{\"@type\":\"WebPage\",\"@id\":\"http:\/\/www.manserso.org\/politica-de-proteccion-de-datos\/\",\"url\":\"http:\/\/www.manserso.org\/politica-de-proteccion-de-datos\/\",\"name\":\"[:es]Pol\u00edtica de protecci\u00f3n de datos[:eu]Datuak babesteko politika[:] - Gizarte-Zerbitzuen Mankomunitatea Antsoain, Berriobeiti, Berriozar, Itza eta Txulapain\",\"isPartOf\":{\"@id\":\"http:\/\/www.manserso.org\/#website\"},\"datePublished\":\"2019-11-05T07:30:39+00:00\",\"dateModified\":\"2019-11-22T08:21:26+00:00\",\"breadcrumb\":{\"@id\":\"http:\/\/www.manserso.org\/politica-de-proteccion-de-datos\/#breadcrumb\"},\"inLanguage\":\"eu\",\"potentialAction\":[{\"@type\":\"ReadAction\",\"target\":[\"http:\/\/www.manserso.org\/politica-de-proteccion-de-datos\/\"]}]},{\"@type\":\"BreadcrumbList\",\"@id\":\"http:\/\/www.manserso.org\/politica-de-proteccion-de-datos\/#breadcrumb\",\"itemListElement\":[{\"@type\":\"ListItem\",\"position\":1,\"name\":\"Portada\",\"item\":\"http:\/\/www.manserso.org\/\"},{\"@type\":\"ListItem\",\"position\":2,\"name\":\"Pol\u00edtica de protecci\u00f3n de datos\"}]},{\"@type\":\"WebSite\",\"@id\":\"http:\/\/www.manserso.org\/#website\",\"url\":\"http:\/\/www.manserso.org\/\",\"name\":\"Gizarte-Zerbitzuen Mankomunitatea Antsoain, Berriobeiti, Berriozar, Itza eta Txulapain\",\"description\":\"Gizarte-Zerbitzuen Mankomunitatea\",\"potentialAction\":[{\"@type\":\"SearchAction\",\"target\":{\"@type\":\"EntryPoint\",\"urlTemplate\":\"http:\/\/www.manserso.org\/?s={search_term_string}\"},\"query-input\":{\"@type\":\"PropertyValueSpecification\",\"valueRequired\":true,\"valueName\":\"search_term_string\"}}],\"inLanguage\":\"eu\"}]}<\/script>\r\n<!-- \/ Yoast SEO plugin. -->","yoast_head_json":{"title":"[:es]Pol\u00edtica de protecci\u00f3n de datos[:eu]Datuak babesteko politika[:] - Gizarte-Zerbitzuen Mankomunitatea Antsoain, Berriobeiti, Berriozar, Itza eta Txulapain","robots":{"index":"index","follow":"follow","max-snippet":"max-snippet:-1","max-image-preview":"max-image-preview:large","max-video-preview":"max-video-preview:-1"},"canonical":"http:\/\/www.manserso.org\/politica-de-proteccion-de-datos\/","og_locale":"en_US","og_type":"article","og_title":"[:es]Pol\u00edtica de protecci\u00f3n de datos[:eu]Datuak babesteko politika[:] - Gizarte-Zerbitzuen Mankomunitatea Antsoain, Berriobeiti, Berriozar, Itza eta Txulapain","og_description":"A continuaci\u00f3n, se desarrolla el deber de informaci\u00f3n establecido en el art\u00edculo 13 del Reglamento General de Protecci\u00f3n de Datos en relaci\u00f3n a los registros de tratamiento llevados a cabo en la Mancomunidad de Servicios Sociales de Base. A trav\u00e9s&hellip;","og_url":"http:\/\/www.manserso.org\/politica-de-proteccion-de-datos\/","og_site_name":"Gizarte-Zerbitzuen Mankomunitatea Antsoain, Berriobeiti, Berriozar, Itza eta Txulapain","article_modified_time":"2019-11-22T08:21:26+00:00","twitter_card":"summary_large_image","twitter_misc":{"Est. reading time":"5 minutua"},"schema":{"@context":"https:\/\/schema.org","@graph":[{"@type":"WebPage","@id":"http:\/\/www.manserso.org\/politica-de-proteccion-de-datos\/","url":"http:\/\/www.manserso.org\/politica-de-proteccion-de-datos\/","name":"[:es]Pol\u00edtica de protecci\u00f3n de datos[:eu]Datuak babesteko politika[:] - Gizarte-Zerbitzuen Mankomunitatea Antsoain, Berriobeiti, Berriozar, Itza eta Txulapain","isPartOf":{"@id":"http:\/\/www.manserso.org\/#website"},"datePublished":"2019-11-05T07:30:39+00:00","dateModified":"2019-11-22T08:21:26+00:00","breadcrumb":{"@id":"http:\/\/www.manserso.org\/politica-de-proteccion-de-datos\/#breadcrumb"},"inLanguage":"eu","potentialAction":[{"@type":"ReadAction","target":["http:\/\/www.manserso.org\/politica-de-proteccion-de-datos\/"]}]},{"@type":"BreadcrumbList","@id":"http:\/\/www.manserso.org\/politica-de-proteccion-de-datos\/#breadcrumb","itemListElement":[{"@type":"ListItem","position":1,"name":"Portada","item":"http:\/\/www.manserso.org\/"},{"@type":"ListItem","position":2,"name":"Pol\u00edtica de protecci\u00f3n de datos"}]},{"@type":"WebSite","@id":"http:\/\/www.manserso.org\/#website","url":"http:\/\/www.manserso.org\/","name":"Gizarte-Zerbitzuen Mankomunitatea Antsoain, Berriobeiti, Berriozar, Itza eta Txulapain","description":"Gizarte-Zerbitzuen Mankomunitatea","potentialAction":[{"@type":"SearchAction","target":{"@type":"EntryPoint","urlTemplate":"http:\/\/www.manserso.org\/?s={search_term_string}"},"query-input":{"@type":"PropertyValueSpecification","valueRequired":true,"valueName":"search_term_string"}}],"inLanguage":"eu"}]}},"_links":{"self":[{"href":"http:\/\/www.manserso.org\/eu\/wp-json\/wp\/v2\/pages\/193","targetHints":{"allow":["GET"]}}],"collection":[{"href":"http:\/\/www.manserso.org\/eu\/wp-json\/wp\/v2\/pages"}],"about":[{"href":"http:\/\/www.manserso.org\/eu\/wp-json\/wp\/v2\/types\/page"}],"author":[{"embeddable":true,"href":"http:\/\/www.manserso.org\/eu\/wp-json\/wp\/v2\/users\/2"}],"replies":[{"embeddable":true,"href":"http:\/\/www.manserso.org\/eu\/wp-json\/wp\/v2\/comments?post=193"}],"version-history":[{"count":8,"href":"http:\/\/www.manserso.org\/eu\/wp-json\/wp\/v2\/pages\/193\/revisions"}],"predecessor-version":[{"id":215,"href":"http:\/\/www.manserso.org\/eu\/wp-json\/wp\/v2\/pages\/193\/revisions\/215"}],"wp:attachment":[{"href":"http:\/\/www.manserso.org\/eu\/wp-json\/wp\/v2\/media?parent=193"}],"curies":[{"name":"wp","href":"https:\/\/api.w.org\/{rel}","templated":true}]}}